{"id":62,"date":"2026-02-13T10:00:19","date_gmt":"2026-02-13T10:00:19","guid":{"rendered":"https:\/\/ra-waschelitz.de\/?page_id=62"},"modified":"2026-02-19T07:43:43","modified_gmt":"2026-02-19T07:43:43","slug":"impressum","status":"publish","type":"page","link":"https:\/\/ra-waschelitz.de\/index.php\/impressum\/","title":{"rendered":"Impressum"},"content":{"rendered":"<div class=\"fusion-fullwidth fullwidth-box fusion-builder-row-1 fusion-flex-container has-pattern-background has-mask-background nonhundred-percent-fullwidth non-hundred-percent-height-scrolling\" style=\"--awb-border-radius-top-left:0px;--awb-border-radius-top-right:0px;--awb-border-radius-bottom-right:0px;--awb-border-radius-bottom-left:0px;--awb-flex-wrap:wrap;\" ><div class=\"fusion-builder-row fusion-row fusion-flex-align-items-flex-start fusion-flex-content-wrap\" style=\"max-width:1248px;margin-left: calc(-4% \/ 2 );margin-right: calc(-4% \/ 2 );\"><div class=\"fusion-layout-column fusion_builder_column fusion-builder-column-0 fusion_builder_column_1_4 1_4 fusion-flex-column\" style=\"--awb-bg-size:cover;--awb-width-large:25%;--awb-margin-top-large:0px;--awb-spacing-right-large:7.68%;--awb-margin-bottom-large:20px;--awb-spacing-left-large:7.68%;--awb-width-medium:25%;--awb-order-medium:0;--awb-spacing-right-medium:7.68%;--awb-spacing-left-medium:7.68%;--awb-width-small:100%;--awb-order-small:0;--awb-spacing-right-small:1.92%;--awb-spacing-left-small:1.92%;\"><div class=\"fusion-column-wrapper fusion-column-has-shadow fusion-flex-justify-content-flex-start fusion-content-layout-column\"><div class=\"fusion-separator\" style=\"align-self: center;margin-left: auto;margin-right: auto;margin-top:20px;margin-bottom:20px;width:100%;max-width:50px;\"><\/div><a class=\"fb-icon-element-1 fb-icon-element fontawesome-icon fa-home fas circle-no fusion-link\" style=\"--awb-iconcolor:var(--awb-color4);--awb-iconcolor-hover:rgba(210,187,161,0.67);--awb-font-size:32px;--awb-margin-top:0;--awb-margin-right:0;--awb-margin-bottom:0;--awb-margin-left:16px;--awb-align-self:flex-end;\" href=\"https:\/\/ra-waschelitz.de\/\" target=\"_self\" aria-label=\"Link to https:\/\/ra-waschelitz.de\/\"><\/a><div class=\"fusion-separator\" style=\"align-self: center;margin-left: auto;margin-right: auto;margin-top:20px;margin-bottom:20px;width:100%;max-width:50px;\"><\/div><\/div><\/div><div class=\"fusion-layout-column fusion_builder_column fusion-builder-column-1 fusion_builder_column_1_2 1_2 fusion-flex-column\" style=\"--awb-bg-size:cover;--awb-width-large:50%;--awb-margin-top-large:0px;--awb-spacing-right-large:3.84%;--awb-margin-bottom-large:20px;--awb-spacing-left-large:3.84%;--awb-width-medium:50%;--awb-order-medium:0;--awb-spacing-right-medium:3.84%;--awb-spacing-left-medium:3.84%;--awb-width-small:100%;--awb-order-small:0;--awb-spacing-right-small:1.92%;--awb-spacing-left-small:1.92%;\"><div class=\"fusion-column-wrapper fusion-column-has-shadow fusion-flex-justify-content-flex-start fusion-content-layout-column\"><div class=\"fusion-separator\" style=\"align-self: center;margin-left: auto;margin-right: auto;margin-top:20px;margin-bottom:20px;width:100%;max-width:50px;\"><\/div><div class=\"fusion-text fusion-text-1\"><h2 class=\"documentFirstHeading\">Impressum<\/h2>\n<p>Rechtsanw\u00e4ltin<br \/>\nSylke Claudia Waschelitz<br \/>\nFachanw\u00e4ltin f\u00fcr Arbeitsrecht<br \/>\nFachanw\u00e4ltin f\u00fcr Familienrecht<\/p>\n<p>Sitz\u00a0der\u00a0Kanzlei:<br \/>\nLothringer Stra\u00dfe 46, D-44805 Bochum<\/p>\n<p>Kontakt:<br \/>\nTelefon: 0234 &#8211; 89 118-0<br \/>\nE-Mail:\u00a0<span class=\"link-external\"><a href=\"https:\/\/web.archive.org\/web\/20170419231250\/mailto:RA-Waschelitz@t-online.de\">RA-Waschelitz@t-online.de<\/a><\/span><\/p>\n<p><strong>Berufshaftpflichtversicherung:<\/strong><br \/>\nF\u00fcr Sylke Claudia Waschelitz besteht eine Berufshaftpflichtversicherung bei der<\/p>\n<p>ERGO Versicherung AG<br \/>\nVictoriaplatz 1<br \/>\n40477 D\u00fcsseldorf<br \/>\nTelefon: 0800 &#8211; 37 46-000<br \/>\nTelefax: 01803 &#8211; 2 34 60<br \/>\nE-Mail: <span class=\"link-external\"><a href=\"https:\/\/web.archive.org\/web\/20170419231250\/mailto:info@ergo.de\">info@ergo.de<\/a><\/span><br \/>\nInternet: <span class=\"link-external\"><a href=\"https:\/\/web.archive.org\/web\/20170419231250\/http:\/\/www.ergo.de\/\" target=\"_blank\" rel=\"noopener\">www.ergo.de<\/a><\/span><\/p>\n<p><strong>R\u00e4umlicher Geltungsbereich der Berufshaftpflichtversicherung:<\/strong><br \/>\nGesamtes Gebiet der Europ\u00e4ischen Union und der Staaten des Abkommens \u00fcber den Europ\u00e4ischen Wirtschaftsraum. Der Versicherungsschutz bezieht sich nicht auf Haftpflichtanspr\u00fcche aus T\u00e4tigkeiten im Zusammenhang mit der Beratung und Besch\u00e4ftigung mit au\u00dfereurop\u00e4ischem Recht sowie aus T\u00e4tigkeiten vor au\u00dfereurop\u00e4ischen Gerichten.<\/p>\n<p><strong>Zust\u00e4ndige Aufsichtsbeh\u00f6rde f\u00fcr Rechtsanw\u00e4lte<\/strong>:<br \/>\nRechtsanwaltskammer f\u00fcr den<br \/>\nOberlandesgerichtsbezirk Hamm<br \/>\nOstenallee 18<br \/>\n59063 Hamm<br \/>\nTelefon: 0 23 81 &#8211; 98 50 00<br \/>\nTelefax: 0 23 81 &#8211; 98 50 50<br \/>\nE-Mail: <span class=\"link-external\"><a href=\"https:\/\/web.archive.org\/web\/20170419231250\/mailto:info@rak-hamm.de\">info@rak-hamm.de<\/a><\/span><br \/>\nInternet: <span class=\"link-external\"><a href=\"https:\/\/web.archive.org\/web\/20170419231250\/http:\/\/www.rechtsanwaltskammer-hamm.de\/\" target=\"_blank\" rel=\"noopener\">www.rechtsanwaltskammer-hamm.de<\/a><\/span><\/p>\n<p><strong>Au\u00dfergerichtliche Streitschlichtung<\/strong>:<br \/>\nNach den Bestimmungen der Bundesrechtsanwaltsordnung (BRAO) besteht f\u00fcr den Fall von Streitigkeiten zwischen Rechtsanw\u00e4lten und ihren Auftraggebern die M\u00f6glichkeit, ein Verfahren zur au\u00dfergerichtlichen Vermittlung bzw. Streitschlichtung einzuleiten. Es besteht die Wahlfreiheit zwischen der Durchf\u00fchrung eines Verfahrens vor der Rechtsanwaltskammer f\u00fcr den Oberlandesgerichtsbezirk Hamm,<br \/>\nE-Mail: <span class=\"link-external\"><a href=\"https:\/\/web.archive.org\/web\/20170419231250\/mailto:info@rak-hamm.de\">info@rak-hamm.de<\/a><\/span><br \/>\nInternet: <span class=\"link-external\"><a href=\"https:\/\/web.archive.org\/web\/20170419231250\/http:\/\/www.rechtsanwaltskammer-hamm.de\/\" target=\"_blank\" rel=\"noopener\">www.rechtsanwaltskammer-hamm.de<\/a><\/span><br \/>\noder bei der Schlichtungsstelle der Rechtsanwaltschaft, die bei der Bundesrechtsanwaltskammer eingerichtet ist,<br \/>\nE-Mail: <span class=\"link-external\"><a href=\"https:\/\/web.archive.org\/web\/20170419231250\/mailto:schlichtungsstelle@s-d-r.org\" target=\"_blank\" rel=\"noopener\">schlichtungsstelle@s-d-r.org<\/a><\/span><br \/>\nInternet: <span class=\"link-external\"><a href=\"https:\/\/web.archive.org\/web\/20170419231250\/http:\/\/schlichtungsstelle-der-rechtsanwaltschaft.de\/\" target=\"_blank\" rel=\"noopener\">www.schlichtungsstelle-der-rechtsanwaltschaft.de<\/a><\/span>.<\/p>\n<p>Die Schlichtungsstelle der Rechtsanwaltschaft ist zugleich nach dem Verbraucherstreitbeilegungsgesetz (VSBG) die zust\u00e4ndige Verbraucherschlichtungsstelle f\u00fcr verm\u00f6gensrechtliche Streitigkeiten aus dem Mandatsverh\u00e4ltnis bis zu einem Wert von 50.000,00 \u20ac.<br \/>\nIhre Anschrift lautet:<br \/>\nSchlichtungsstelle der Rechtsanwaltschaft<br \/>\nRauchstra\u00dfe 26<br \/>\nD-10787 Berlin<\/p>\n<p>Telefon: 0 30 &#8211; 2 84 44 17-0<br \/>\nTelefax: 0 30 &#8211; 2 84 44 17-2<\/p>\n<p>Als weitere M\u00f6glichkeit zur alternativen Streitbeilegung gibt es nach der EU-Verordnung \u00fcber die Online-Streitbeilegung in Verbraucherangelegenheiten (ODR-Verordnung [Online Dispute Resolution]) die Plattform der EU zur au\u00dfergerichtlichen Online-Streitbeilegung<span class=\"link-external\"><a href=\"https:\/\/web.archive.org\/web\/20170419231250\/http:\/\/ec.europa.eu\/consumers\/odr\/\" target=\"_blank\" rel=\"noopener\"> http:\/\/ec.europa.eu\/consumers\/odr\/<\/a><\/span><\/p>\n<p><strong>Berufsbezeichnungen:<\/strong><br \/>\nRechtsanw\u00e4ltin<br \/>\nFachanw\u00e4ltin f\u00fcr Arbeitsrecht<br \/>\nFachanw\u00e4ltin f\u00fcr Familienrecht<\/p>\n<p>verliehen in der Bundesrepublik Deutschland<\/p>\n<p><strong>Berufsrechtliche Regelungen f\u00fcr Rechtsanw\u00e4lte:<\/strong><br \/>\nBundesrechtsanwaltsordnung (BRAO)<br \/>\nBerufsordnung (BORA)<br \/>\nFachanwaltsordnung (FAO)<br \/>\nBerufsregeln der Rechtsanw\u00e4lte der Europ\u00e4ischen Gemeinschaft &#8211; CCBE-Berufsregeln (CCBE \u2013 Conseil des Barreaux De La Communaute Europeenne)<br \/>\nGesetz \u00fcber die T\u00e4tigkeit europ\u00e4ischer Rechtsanw\u00e4lte in Deutschland (EuRAG)<br \/>\nLaw Implementing the Directives of the European Community pertaining to the professional law regulating the legal profession<br \/>\nGesetz \u00fcber die Verg\u00fctung der Rechtsanw\u00e4ltinnen und Rechtsanw\u00e4lte (Rechtsanwaltsverg\u00fctungsgesetz \u2013 RVG)<\/p>\n<p>Einsichtsm\u00f6glichkeiten in die berufsrechtlichen Regelungen im Internet unter<\/p>\n<p><span class=\"link-external\"><a href=\"https:\/\/web.archive.org\/web\/20170419231250\/http:\/\/www.brak.de\/fuer-anwaelte\/berufsrecht\/\" target=\"_blank\" rel=\"noopener\">www.brak.de\/fuer-anwaelte\/berufsrecht\/<\/a><\/span><br \/>\n<span class=\"link-external\"><a href=\"https:\/\/web.archive.org\/web\/20170419231250\/http:\/\/www.gesetze-im-internet.de\/\" target=\"_blank\" rel=\"noopener\">www.gesetze-im-internet.de<\/a><\/span> in der Rubrik \u201eGesetze \/ Verordnungen\u201c<\/p>\n<p><strong>Festpreisregelungen:<\/strong><br \/>\nF\u00fcr eine Erstberatung werden grunds\u00e4tzlich 190,00 \u20ac zuz\u00fcglich gesetzlicher Mehrwertsteuer an Geb\u00fchren erhoben.<\/p>\n<p>Steuer-Nummer: 306\/5899\/0036<br \/>\nUmsatzsteuer-Identifikations-Nummer: DE177858431<\/p>\n<p><strong>Verantwortlich f\u00fcr den Inhalt<\/strong>:<\/p>\n<p>Sylke Claudia Waschelitz<br \/>\nLothringer Str. 46<br \/>\n44805 Bochum<br \/>\nE-Mail: RA-Waschelitz@t-online.de<\/p>\n<p><strong>Haftung:<\/strong><\/p>\n<p>Alle Inhalte dieser Website dienen ausschlie\u00dflich der allgemeinen Information. Es handelt sich hierbei um keine Rechtsberatung. Weder durch das Lesen noch den Download noch durch sonstige Nutzungsformen der hier gegebenen Informationen kommt ein Mandatsverh\u00e4ltnis zustande. Dies gilt insbesondere f\u00fcr die \u00dcbersendung einer E-Mail ohne unsere ausdr\u00fcckliche Best\u00e4tigung. So wird keine Haftung f\u00fcr \u00fcber das Internet \u00fcbermittelte Nachrichten, z.B. zur Fristwahrung, \u00fcbernommen.<\/p>\n<p>Trotz sorgf\u00e4ltiger inhaltlicher Kontrolle \u00fcbernehmen wir keine Haftung f\u00fcr die Inhalte externer Links. F\u00fcr den Inhalt der verlinkten Seiten sind ausschlie\u00dflich deren Betreiber verantwortlich.<\/p>\n<\/div><\/div><\/div><div class=\"fusion-layout-column fusion_builder_column fusion-builder-column-2 fusion_builder_column_1_4 1_4 fusion-flex-column\" style=\"--awb-bg-size:cover;--awb-width-large:25%;--awb-margin-top-large:0px;--awb-spacing-right-large:7.68%;--awb-margin-bottom-large:20px;--awb-spacing-left-large:7.68%;--awb-width-medium:25%;--awb-order-medium:0;--awb-spacing-right-medium:7.68%;--awb-spacing-left-medium:7.68%;--awb-width-small:100%;--awb-order-small:0;--awb-spacing-right-small:1.92%;--awb-spacing-left-small:1.92%;\"><div class=\"fusion-column-wrapper fusion-column-has-shadow fusion-flex-justify-content-flex-start fusion-content-layout-column\"><\/div><\/div><\/div><\/div>\n","protected":false},"excerpt":{"rendered":"","protected":false},"author":1,"featured_media":0,"parent":0,"menu_order":0,"comment_status":"closed","ping_status":"closed","template":"100-width.php","meta":{"footnotes":""},"class_list":["post-62","page","type-page","status-publish","hentry"],"yoast_head":"<!-- This site is optimized with the Yoast SEO plugin v27.1.1 - https:\/\/yoast.com\/product\/yoast-seo-wordpress\/ -->\n<title>Impressum - RA Waschelitz<\/title>\n<meta name=\"robots\" content=\"noindex, nofollow\" \/>\n<meta property=\"og:locale\" content=\"de_DE\" \/>\n<meta property=\"og:type\" content=\"article\" \/>\n<meta property=\"og:title\" content=\"Impressum - RA Waschelitz\" \/>\n<meta property=\"og:url\" content=\"https:\/\/ra-waschelitz.de\/index.php\/impressum\/\" \/>\n<meta property=\"og:site_name\" content=\"RA Waschelitz\" \/>\n<meta property=\"article:modified_time\" content=\"2026-02-19T07:43:43+00:00\" \/>\n<meta name=\"twitter:card\" content=\"summary_large_image\" \/>\n<meta name=\"twitter:label1\" content=\"Gesch\u00e4tzte Lesezeit\" \/>\n\t<meta name=\"twitter:data1\" content=\"3\u00a0Minuten\" \/>\n<script type=\"application\/ld+json\" class=\"yoast-schema-graph\">{\"@context\":\"https:\/\/schema.org\",\"@graph\":[{\"@type\":\"WebPage\",\"@id\":\"https:\/\/ra-waschelitz.de\/index.php\/impressum\/\",\"url\":\"https:\/\/ra-waschelitz.de\/index.php\/impressum\/\",\"name\":\"Impressum - RA Waschelitz\",\"isPartOf\":{\"@id\":\"https:\/\/ra-waschelitz.de\/#website\"},\"datePublished\":\"2026-02-13T10:00:19+00:00\",\"dateModified\":\"2026-02-19T07:43:43+00:00\",\"breadcrumb\":{\"@id\":\"https:\/\/ra-waschelitz.de\/index.php\/impressum\/#breadcrumb\"},\"inLanguage\":\"de\",\"potentialAction\":[{\"@type\":\"ReadAction\",\"target\":[\"https:\/\/ra-waschelitz.de\/index.php\/impressum\/\"]}]},{\"@type\":\"BreadcrumbList\",\"@id\":\"https:\/\/ra-waschelitz.de\/index.php\/impressum\/#breadcrumb\",\"itemListElement\":[{\"@type\":\"ListItem\",\"position\":1,\"name\":\"Start\",\"item\":\"https:\/\/ra-waschelitz.de\/\"},{\"@type\":\"ListItem\",\"position\":2,\"name\":\"Impressum\"}]},{\"@type\":\"WebSite\",\"@id\":\"https:\/\/ra-waschelitz.de\/#website\",\"url\":\"https:\/\/ra-waschelitz.de\/\",\"name\":\"Rechtsanwalt Waschelitz Familien- und Arbeitsrecht Bochum\",\"description\":\"Fach\u00e4nw\u00e4ltin f\u00fcr Familienrecht\",\"publisher\":{\"@id\":\"https:\/\/ra-waschelitz.de\/#organization\"},\"potentialAction\":[{\"@type\":\"SearchAction\",\"target\":{\"@type\":\"EntryPoint\",\"urlTemplate\":\"https:\/\/ra-waschelitz.de\/?s={search_term_string}\"},\"query-input\":{\"@type\":\"PropertyValueSpecification\",\"valueRequired\":true,\"valueName\":\"search_term_string\"}}],\"inLanguage\":\"de\"},{\"@type\":\"Organization\",\"@id\":\"https:\/\/ra-waschelitz.de\/#organization\",\"name\":\"RA Waschelitz\",\"url\":\"https:\/\/ra-waschelitz.de\/\",\"logo\":{\"@type\":\"ImageObject\",\"inLanguage\":\"de\",\"@id\":\"https:\/\/ra-waschelitz.de\/#\/schema\/logo\/image\/\",\"url\":\"https:\/\/ra-waschelitz.de\/wp-content\/uploads\/2026\/02\/Bildschirmfoto-2026-02-13-um-18.57.01-1024x668.png\",\"contentUrl\":\"https:\/\/ra-waschelitz.de\/wp-content\/uploads\/2026\/02\/Bildschirmfoto-2026-02-13-um-18.57.01-1024x668.png\",\"width\":1024,\"height\":668,\"caption\":\"RA Waschelitz\"},\"image\":{\"@id\":\"https:\/\/ra-waschelitz.de\/#\/schema\/logo\/image\/\"}}]}<\/script>\n<!-- \/ Yoast SEO plugin. -->","yoast_head_json":{"title":"Impressum - RA Waschelitz","robots":{"index":"noindex","follow":"nofollow"},"og_locale":"de_DE","og_type":"article","og_title":"Impressum - RA Waschelitz","og_url":"https:\/\/ra-waschelitz.de\/index.php\/impressum\/","og_site_name":"RA Waschelitz","article_modified_time":"2026-02-19T07:43:43+00:00","twitter_card":"summary_large_image","twitter_misc":{"Gesch\u00e4tzte Lesezeit":"3\u00a0Minuten"},"schema":{"@context":"https:\/\/schema.org","@graph":[{"@type":"WebPage","@id":"https:\/\/ra-waschelitz.de\/index.php\/impressum\/","url":"https:\/\/ra-waschelitz.de\/index.php\/impressum\/","name":"Impressum - RA Waschelitz","isPartOf":{"@id":"https:\/\/ra-waschelitz.de\/#website"},"datePublished":"2026-02-13T10:00:19+00:00","dateModified":"2026-02-19T07:43:43+00:00","breadcrumb":{"@id":"https:\/\/ra-waschelitz.de\/index.php\/impressum\/#breadcrumb"},"inLanguage":"de","potentialAction":[{"@type":"ReadAction","target":["https:\/\/ra-waschelitz.de\/index.php\/impressum\/"]}]},{"@type":"BreadcrumbList","@id":"https:\/\/ra-waschelitz.de\/index.php\/impressum\/#breadcrumb","itemListElement":[{"@type":"ListItem","position":1,"name":"Start","item":"https:\/\/ra-waschelitz.de\/"},{"@type":"ListItem","position":2,"name":"Impressum"}]},{"@type":"WebSite","@id":"https:\/\/ra-waschelitz.de\/#website","url":"https:\/\/ra-waschelitz.de\/","name":"Rechtsanwalt Waschelitz Familien- und Arbeitsrecht Bochum","description":"Fach\u00e4nw\u00e4ltin f\u00fcr Familienrecht","publisher":{"@id":"https:\/\/ra-waschelitz.de\/#organization"},"potentialAction":[{"@type":"SearchAction","target":{"@type":"EntryPoint","urlTemplate":"https:\/\/ra-waschelitz.de\/?s={search_term_string}"},"query-input":{"@type":"PropertyValueSpecification","valueRequired":true,"valueName":"search_term_string"}}],"inLanguage":"de"},{"@type":"Organization","@id":"https:\/\/ra-waschelitz.de\/#organization","name":"RA Waschelitz","url":"https:\/\/ra-waschelitz.de\/","logo":{"@type":"ImageObject","inLanguage":"de","@id":"https:\/\/ra-waschelitz.de\/#\/schema\/logo\/image\/","url":"https:\/\/ra-waschelitz.de\/wp-content\/uploads\/2026\/02\/Bildschirmfoto-2026-02-13-um-18.57.01-1024x668.png","contentUrl":"https:\/\/ra-waschelitz.de\/wp-content\/uploads\/2026\/02\/Bildschirmfoto-2026-02-13-um-18.57.01-1024x668.png","width":1024,"height":668,"caption":"RA Waschelitz"},"image":{"@id":"https:\/\/ra-waschelitz.de\/#\/schema\/logo\/image\/"}}]}},"_links":{"self":[{"href":"https:\/\/ra-waschelitz.de\/index.php\/wp-json\/wp\/v2\/pages\/62","targetHints":{"allow":["GET"]}}],"collection":[{"href":"https:\/\/ra-waschelitz.de\/index.php\/wp-json\/wp\/v2\/pages"}],"about":[{"href":"https:\/\/ra-waschelitz.de\/index.php\/wp-json\/wp\/v2\/types\/page"}],"author":[{"embeddable":true,"href":"https:\/\/ra-waschelitz.de\/index.php\/wp-json\/wp\/v2\/users\/1"}],"replies":[{"embeddable":true,"href":"https:\/\/ra-waschelitz.de\/index.php\/wp-json\/wp\/v2\/comments?post=62"}],"version-history":[{"count":12,"href":"https:\/\/ra-waschelitz.de\/index.php\/wp-json\/wp\/v2\/pages\/62\/revisions"}],"predecessor-version":[{"id":130,"href":"https:\/\/ra-waschelitz.de\/index.php\/wp-json\/wp\/v2\/pages\/62\/revisions\/130"}],"wp:attachment":[{"href":"https:\/\/ra-waschelitz.de\/index.php\/wp-json\/wp\/v2\/media?parent=62"}],"curies":[{"name":"wp","href":"https:\/\/api.w.org\/{rel}","templated":true}]}}